{"id":194,"date":"2020-06-15T22:30:44","date_gmt":"2020-06-15T22:30:44","guid":{"rendered":"https:\/\/retecmac.com\/?page_id=194"},"modified":"2025-11-21T18:25:40","modified_gmt":"2025-11-21T18:25:40","slug":"contact","status":"publish","type":"page","link":"https:\/\/retecmac.com\/?page_id=194","title":{"rendered":"CONTACT"},"content":{"rendered":"\n<blockquote class=\"wp-block-quote has-text-align-center is-layout-flow wp-block-quote-is-layout-flow\">\n<p>If you have any questions, requests and quotations, please do not hesitate to contact with us.<\/p>\n\n\n\n<p><\/p>\n<\/blockquote>\n\n\n<div class=\"wp-block-image\">\n<figure class=\"aligncenter size-large is-resized\"><img loading=\"lazy\" decoding=\"async\" src=\"https:\/\/retecmac.com\/wp-content\/uploads\/2020\/06\/slide018-1024x385.jpg\" alt=\"\" class=\"wp-image-282\" width=\"516\" height=\"193\" srcset=\"https:\/\/retecmac.com\/wp-content\/uploads\/2020\/06\/slide018-1024x385.jpg 1024w, https:\/\/retecmac.com\/wp-content\/uploads\/2020\/06\/slide018-300x113.jpg 300w, https:\/\/retecmac.com\/wp-content\/uploads\/2020\/06\/slide018-768x289.jpg 768w, https:\/\/retecmac.com\/wp-content\/uploads\/2020\/06\/slide018-1536x578.jpg 1536w, https:\/\/retecmac.com\/wp-content\/uploads\/2020\/06\/slide018.jpg 1920w\" sizes=\"auto, (max-width: 516px) 100vw, 516px\" \/><\/figure><\/div>\n\n\n<p><\/p>\n\n\n\n<p class=\"has-text-align-center\">Phone: +90 501 344 60 66<\/p>\n\n\n\n<p class=\"has-text-align-center\">info@retecmac.com<\/p>\n\n\n\n<p class=\"has-text-align-center\">export@retecmac.com<\/p>\n\n\n<div class=\"wpforms-container wpforms-container-full wpforms-block wpforms-block-cc80b04f-1801-4a3d-988c-4a96bdb46e22\" id=\"wpforms-435\"><form id=\"wpforms-form-435\" class=\"wpforms-validate wpforms-form\" data-formid=\"435\" method=\"post\" enctype=\"multipart\/form-data\" action=\"\/index.php?rest_route=%2Fwp%2Fv2%2Fpages%2F194\" data-token=\"5fd2b890fe6f9b08731ee555868ad80b\" data-token-time=\"1776517248\"><noscript class=\"wpforms-error-noscript\">Bu formu bitirebilmek i\u00e7in taray\u0131c\u0131n\u0131zda JavaScript&#039;i etkinle\u015ftirin.<\/noscript><div class=\"wpforms-field-container\"><div id=\"wpforms-435-field_0-container\" class=\"wpforms-field wpforms-field-name\" data-field-id=\"0\"><label class=\"wpforms-field-label\">Name <span class=\"wpforms-required-label\">*<\/span><\/label><div class=\"wpforms-field-row wpforms-field-medium\"><div class=\"wpforms-field-row-block wpforms-first wpforms-one-half\"><input type=\"text\" id=\"wpforms-435-field_0\" class=\"wpforms-field-name-first wpforms-field-required\" name=\"wpforms[fields][0][first]\" required><label for=\"wpforms-435-field_0\" class=\"wpforms-field-sublabel after\">Ad<\/label><\/div><div class=\"wpforms-field-row-block wpforms-one-half\"><input type=\"text\" id=\"wpforms-435-field_0-last\" class=\"wpforms-field-name-last wpforms-field-required\" name=\"wpforms[fields][0][last]\" required><label for=\"wpforms-435-field_0-last\" class=\"wpforms-field-sublabel after\">Soyad<\/label><\/div><\/div><\/div><div id=\"wpforms-435-field_1-container\" class=\"wpforms-field wpforms-field-email\" data-field-id=\"1\"><label class=\"wpforms-field-label\" for=\"wpforms-435-field_1\">Email <span class=\"wpforms-required-label\">*<\/span><\/label><input type=\"email\" id=\"wpforms-435-field_1\" class=\"wpforms-field-medium wpforms-field-required\" name=\"wpforms[fields][1]\" spellcheck=\"false\" required><\/div><div id=\"wpforms-435-field_2-container\" class=\"wpforms-field wpforms-field-number\" data-field-id=\"2\"><label class=\"wpforms-field-label\" for=\"wpforms-435-field_2\">Phone Number<\/label><input type=\"number\" id=\"wpforms-435-field_2\" class=\"wpforms-field-medium\" name=\"wpforms[fields][2]\" step=\"any\" ><\/div><div id=\"wpforms-435-field_4-container\" class=\"wpforms-field wpforms-field-textarea\" data-field-id=\"4\"><label class=\"wpforms-field-label\" for=\"wpforms-435-field_4\">Message <span class=\"wpforms-required-label\">*<\/span><\/label><textarea id=\"wpforms-435-field_4\" class=\"wpforms-field-medium wpforms-field-required\" name=\"wpforms[fields][4]\" required><\/textarea><\/div><\/div><!-- .wpforms-field-container --><div class=\"wpforms-submit-container\" ><input type=\"hidden\" name=\"wpforms[id]\" value=\"435\"><input type=\"hidden\" name=\"page_title\" value=\"\"><input type=\"hidden\" name=\"page_url\" value=\"https:\/\/retecmac.com\/index.php?rest_route=\/wp\/v2\/pages\/194\"><input type=\"hidden\" name=\"url_referer\" value=\"\"><button type=\"submit\" name=\"wpforms[submit]\" id=\"wpforms-submit-435\" class=\"wpforms-submit\" aria-live=\"assertive\" value=\"wpforms-submit\">Submit<\/button><\/div><\/form><\/div>  <!-- .wpforms-container -->\n\n\n<p><\/p>\n\n\n\n<div class=\"wp-block-columns alignwide are-vertically-aligned-center is-layout-flex wp-container-core-columns-is-layout-9d6595d7 wp-block-columns-is-layout-flex\">\n<div class=\"wp-block-column is-vertically-aligned-center is-layout-flow wp-block-column-is-layout-flow\" style=\"flex-basis:100%\">\n<div class=\"wp-block-columns is-layout-flex wp-container-core-columns-is-layout-9d6595d7 wp-block-columns-is-layout-flex\">\n<div class=\"wp-block-column is-layout-flow wp-block-column-is-layout-flow\" style=\"flex-basis:100%\"><\/div>\n<\/div>\n<\/div>\n<\/div>\n","protected":false},"excerpt":{"rendered":"<p>If you have any questions, requests and quotations, please do not hesitate to contact with us. Phone: +90 501 344 60 66 info@retecmac.com export@retecmac.com<\/p>\n","protected":false},"author":1,"featured_media":0,"parent":0,"menu_order":0,"comment_status":"closed","ping_status":"closed","template":"","meta":{"footnotes":""},"class_list":["post-194","page","type-page","status-publish"],"yoast_head":"<!-- This site is optimized with the Yoast SEO plugin v27.4 - https:\/\/yoast.com\/product\/yoast-seo-wordpress\/ -->\n<title>CONTACT -<\/title>\n<meta name=\"robots\" content=\"index, follow, max-snippet:-1, max-image-preview:large, max-video-preview:-1\" \/>\n<link rel=\"canonical\" href=\"https:\/\/retecmac.com\/?page_id=194\" \/>\n<meta property=\"og:locale\" content=\"tr_TR\" \/>\n<meta property=\"og:type\" content=\"article\" \/>\n<meta property=\"og:title\" content=\"CONTACT -\" \/>\n<meta property=\"og:description\" content=\"If you have any questions, requests and quotations, please do not hesitate to contact with us. Phone: +90 501 344 60 66 info@retecmac.com export@retecmac.com\" \/>\n<meta property=\"og:url\" content=\"https:\/\/retecmac.com\/?page_id=194\" \/>\n<meta property=\"article:modified_time\" content=\"2025-11-21T18:25:40+00:00\" \/>\n<meta property=\"og:image\" content=\"https:\/\/retecmac.com\/wp-content\/uploads\/2020\/06\/slide018-1024x385.jpg\" \/>\n<meta name=\"twitter:card\" content=\"summary_large_image\" \/>\n<meta name=\"twitter:label1\" content=\"Tahmini okuma s\u00fcresi\" \/>\n\t<meta name=\"twitter:data1\" content=\"1 dakika\" \/>\n<script type=\"application\/ld+json\" class=\"yoast-schema-graph\">{\"@context\":\"https:\\\/\\\/schema.org\",\"@graph\":[{\"@type\":\"WebPage\",\"@id\":\"https:\\\/\\\/retecmac.com\\\/?page_id=194\",\"url\":\"https:\\\/\\\/retecmac.com\\\/?page_id=194\",\"name\":\"CONTACT -\",\"isPartOf\":{\"@id\":\"https:\\\/\\\/retecmac.com\\\/#website\"},\"primaryImageOfPage\":{\"@id\":\"https:\\\/\\\/retecmac.com\\\/?page_id=194#primaryimage\"},\"image\":{\"@id\":\"https:\\\/\\\/retecmac.com\\\/?page_id=194#primaryimage\"},\"thumbnailUrl\":\"https:\\\/\\\/retecmac.com\\\/wp-content\\\/uploads\\\/2020\\\/06\\\/slide018-1024x385.jpg\",\"datePublished\":\"2020-06-15T22:30:44+00:00\",\"dateModified\":\"2025-11-21T18:25:40+00:00\",\"breadcrumb\":{\"@id\":\"https:\\\/\\\/retecmac.com\\\/?page_id=194#breadcrumb\"},\"inLanguage\":\"tr\",\"potentialAction\":[{\"@type\":\"ReadAction\",\"target\":[\"https:\\\/\\\/retecmac.com\\\/?page_id=194\"]}]},{\"@type\":\"ImageObject\",\"inLanguage\":\"tr\",\"@id\":\"https:\\\/\\\/retecmac.com\\\/?page_id=194#primaryimage\",\"url\":\"https:\\\/\\\/retecmac.com\\\/wp-content\\\/uploads\\\/2020\\\/06\\\/slide018.jpg\",\"contentUrl\":\"https:\\\/\\\/retecmac.com\\\/wp-content\\\/uploads\\\/2020\\\/06\\\/slide018.jpg\",\"width\":1920,\"height\":722},{\"@type\":\"BreadcrumbList\",\"@id\":\"https:\\\/\\\/retecmac.com\\\/?page_id=194#breadcrumb\",\"itemListElement\":[{\"@type\":\"ListItem\",\"position\":1,\"name\":\"Ana sayfa\",\"item\":\"https:\\\/\\\/retecmac.com\\\/\"},{\"@type\":\"ListItem\",\"position\":2,\"name\":\"CONTACT\"}]},{\"@type\":\"WebSite\",\"@id\":\"https:\\\/\\\/retecmac.com\\\/#website\",\"url\":\"https:\\\/\\\/retecmac.com\\\/\",\"name\":\"RETEMA- REFORM TECHNOLOGY MACHINE\",\"description\":\"\",\"publisher\":{\"@id\":\"https:\\\/\\\/retecmac.com\\\/#organization\"},\"potentialAction\":[{\"@type\":\"SearchAction\",\"target\":{\"@type\":\"EntryPoint\",\"urlTemplate\":\"https:\\\/\\\/retecmac.com\\\/?s={search_term_string}\"},\"query-input\":{\"@type\":\"PropertyValueSpecification\",\"valueRequired\":true,\"valueName\":\"search_term_string\"}}],\"inLanguage\":\"tr\"},{\"@type\":\"Organization\",\"@id\":\"https:\\\/\\\/retecmac.com\\\/#organization\",\"name\":\"RETEMA\",\"url\":\"https:\\\/\\\/retecmac.com\\\/\",\"logo\":{\"@type\":\"ImageObject\",\"inLanguage\":\"tr\",\"@id\":\"https:\\\/\\\/retecmac.com\\\/#\\\/schema\\\/logo\\\/image\\\/\",\"url\":\"https:\\\/\\\/retecmac.com\\\/wp-content\\\/uploads\\\/2020\\\/06\\\/PHOTO-2020-05-28-22-11-55-2-2.jpg\",\"contentUrl\":\"https:\\\/\\\/retecmac.com\\\/wp-content\\\/uploads\\\/2020\\\/06\\\/PHOTO-2020-05-28-22-11-55-2-2.jpg\",\"width\":1170,\"height\":695,\"caption\":\"RETEMA\"},\"image\":{\"@id\":\"https:\\\/\\\/retecmac.com\\\/#\\\/schema\\\/logo\\\/image\\\/\"},\"sameAs\":[\"https:\\\/\\\/www.linkedin.com\\\/feed\\\/?trk=guest_homepage-basic_sign-in-submit\",\"https:\\\/\\\/www.youtube.com\\\/channel\\\/UCZWey4YglSW2_QtqK9GR5MA?view_as=subscriber\"]}]}<\/script>\n<!-- \/ Yoast SEO plugin. -->","yoast_head_json":{"title":"CONTACT -","robots":{"index":"index","follow":"follow","max-snippet":"max-snippet:-1","max-image-preview":"max-image-preview:large","max-video-preview":"max-video-preview:-1"},"canonical":"https:\/\/retecmac.com\/?page_id=194","og_locale":"tr_TR","og_type":"article","og_title":"CONTACT -","og_description":"If you have any questions, requests and quotations, please do not hesitate to contact with us. Phone: +90 501 344 60 66 info@retecmac.com export@retecmac.com","og_url":"https:\/\/retecmac.com\/?page_id=194","article_modified_time":"2025-11-21T18:25:40+00:00","og_image":[{"url":"https:\/\/retecmac.com\/wp-content\/uploads\/2020\/06\/slide018-1024x385.jpg","type":"","width":"","height":""}],"twitter_card":"summary_large_image","twitter_misc":{"Tahmini okuma s\u00fcresi":"1 dakika"},"schema":{"@context":"https:\/\/schema.org","@graph":[{"@type":"WebPage","@id":"https:\/\/retecmac.com\/?page_id=194","url":"https:\/\/retecmac.com\/?page_id=194","name":"CONTACT -","isPartOf":{"@id":"https:\/\/retecmac.com\/#website"},"primaryImageOfPage":{"@id":"https:\/\/retecmac.com\/?page_id=194#primaryimage"},"image":{"@id":"https:\/\/retecmac.com\/?page_id=194#primaryimage"},"thumbnailUrl":"https:\/\/retecmac.com\/wp-content\/uploads\/2020\/06\/slide018-1024x385.jpg","datePublished":"2020-06-15T22:30:44+00:00","dateModified":"2025-11-21T18:25:40+00:00","breadcrumb":{"@id":"https:\/\/retecmac.com\/?page_id=194#breadcrumb"},"inLanguage":"tr","potentialAction":[{"@type":"ReadAction","target":["https:\/\/retecmac.com\/?page_id=194"]}]},{"@type":"ImageObject","inLanguage":"tr","@id":"https:\/\/retecmac.com\/?page_id=194#primaryimage","url":"https:\/\/retecmac.com\/wp-content\/uploads\/2020\/06\/slide018.jpg","contentUrl":"https:\/\/retecmac.com\/wp-content\/uploads\/2020\/06\/slide018.jpg","width":1920,"height":722},{"@type":"BreadcrumbList","@id":"https:\/\/retecmac.com\/?page_id=194#breadcrumb","itemListElement":[{"@type":"ListItem","position":1,"name":"Ana sayfa","item":"https:\/\/retecmac.com\/"},{"@type":"ListItem","position":2,"name":"CONTACT"}]},{"@type":"WebSite","@id":"https:\/\/retecmac.com\/#website","url":"https:\/\/retecmac.com\/","name":"RETEMA- REFORM TECHNOLOGY MACHINE","description":"","publisher":{"@id":"https:\/\/retecmac.com\/#organization"},"potentialAction":[{"@type":"SearchAction","target":{"@type":"EntryPoint","urlTemplate":"https:\/\/retecmac.com\/?s={search_term_string}"},"query-input":{"@type":"PropertyValueSpecification","valueRequired":true,"valueName":"search_term_string"}}],"inLanguage":"tr"},{"@type":"Organization","@id":"https:\/\/retecmac.com\/#organization","name":"RETEMA","url":"https:\/\/retecmac.com\/","logo":{"@type":"ImageObject","inLanguage":"tr","@id":"https:\/\/retecmac.com\/#\/schema\/logo\/image\/","url":"https:\/\/retecmac.com\/wp-content\/uploads\/2020\/06\/PHOTO-2020-05-28-22-11-55-2-2.jpg","contentUrl":"https:\/\/retecmac.com\/wp-content\/uploads\/2020\/06\/PHOTO-2020-05-28-22-11-55-2-2.jpg","width":1170,"height":695,"caption":"RETEMA"},"image":{"@id":"https:\/\/retecmac.com\/#\/schema\/logo\/image\/"},"sameAs":["https:\/\/www.linkedin.com\/feed\/?trk=guest_homepage-basic_sign-in-submit","https:\/\/www.youtube.com\/channel\/UCZWey4YglSW2_QtqK9GR5MA?view_as=subscriber"]}]}},"_links":{"self":[{"href":"https:\/\/retecmac.com\/index.php?rest_route=\/wp\/v2\/pages\/194","targetHints":{"allow":["GET"]}}],"collection":[{"href":"https:\/\/retecmac.com\/index.php?rest_route=\/wp\/v2\/pages"}],"about":[{"href":"https:\/\/retecmac.com\/index.php?rest_route=\/wp\/v2\/types\/page"}],"author":[{"embeddable":true,"href":"https:\/\/retecmac.com\/index.php?rest_route=\/wp\/v2\/users\/1"}],"replies":[{"embeddable":true,"href":"https:\/\/retecmac.com\/index.php?rest_route=%2Fwp%2Fv2%2Fcomments&post=194"}],"version-history":[{"count":26,"href":"https:\/\/retecmac.com\/index.php?rest_route=\/wp\/v2\/pages\/194\/revisions"}],"predecessor-version":[{"id":678,"href":"https:\/\/retecmac.com\/index.php?rest_route=\/wp\/v2\/pages\/194\/revisions\/678"}],"wp:attachment":[{"href":"https:\/\/retecmac.com\/index.php?rest_route=%2Fwp%2Fv2%2Fmedia&parent=194"}],"curies":[{"name":"wp","href":"https:\/\/api.w.org\/{rel}","templated":true}]}}